{"id":27,"date":"2019-09-05T22:53:57","date_gmt":"2019-09-05T20:53:57","guid":{"rendered":"http:\/\/britzer-kraeuter.de\/?page_id=27"},"modified":"2019-11-11T22:48:10","modified_gmt":"2019-11-11T20:48:10","slug":"kraeuterwand","status":"publish","type":"page","link":"https:\/\/britzer-kraeuter.de\/?page_id=27","title":{"rendered":"Kr\u00e4uterwand"},"content":{"rendered":"\n<p>Kr\u00e4uter lokal zu produzieren, mit kurzen Wegen zum Verbraucher,  ressourcenschonend und pflanzengerecht, diesen Ansatz verfolgen wir  konsequent seit unserer Gr\u00fcndung. Als Ergebnis haben wir ein System entwickelt, in welchem die Kr\u00e4uter direkt vor Ort wachsen und bei Bedarf geerntet werden k\u00f6nnen, um direkt erntefrisch verarbeitet zu werden. Unser System versorgt die Pflanzen mit n\u00e4hrstoffreichem Wasser und bei Bedarf mit zus\u00e4tzlicher Beleuchtung, um ein positives Pflanzenwachstum zu erm\u00f6glichen. Unser System ben\u00f6tigt nur einen Stromanschluss und Zimmertemperatur. Auch ein Einsatz im freien z.B. auf einer Terrasse w\u00e4re \u00fcber den Sommer denkbar.<\/p>\n\n\n\n<div class=\"wp-block-image\"><figure class=\"aligncenter is-resized\"><img loading=\"lazy\" decoding=\"async\" src=\"http:\/\/britzer-kraeuter.de\/wp-content\/uploads\/2019\/09\/IMG_7652-768x1024.jpg\" alt=\"\" class=\"wp-image-30\" width=\"214\" height=\"286\" srcset=\"https:\/\/britzer-kraeuter.de\/wp-content\/uploads\/2019\/09\/IMG_7652-768x1024.jpg 768w, https:\/\/britzer-kraeuter.de\/wp-content\/uploads\/2019\/09\/IMG_7652-225x300.jpg 225w\" sizes=\"auto, (max-width: 214px) 100vw, 214px\" \/><\/figure><\/div>\n\n\n\n<div class=\"wp-block-image\"><figure class=\"alignleft is-resized\"><img loading=\"lazy\" decoding=\"async\" src=\"http:\/\/britzer-kraeuter.de\/wp-content\/uploads\/2019\/09\/IMG_7653-768x1024.jpg\" alt=\"\" class=\"wp-image-31\" width=\"214\" height=\"285\" srcset=\"https:\/\/britzer-kraeuter.de\/wp-content\/uploads\/2019\/09\/IMG_7653-768x1024.jpg 768w, https:\/\/britzer-kraeuter.de\/wp-content\/uploads\/2019\/09\/IMG_7653-225x300.jpg 225w\" sizes=\"auto, (max-width: 214px) 100vw, 214px\" \/><\/figure><\/div>\n\n\n\n<p> <\/p>\n\n\n\n<p> <\/p>\n\n\n\n<p> <\/p>\n\n\n\n<p>  <\/p>\n\n\n\n<p>  <\/p>\n\n\n\n<p>  <\/p>\n\n\n\n<p>Die Tower werden je nach Bedarf und Absprache getauscht, oder wenn sie abgeerntet sind. Dazu haben wir einen Tower-Pool im Gew\u00e4chshaus, der einen reibungslosen Tausch jederzeit erm\u00f6glicht.<\/p>\n\n\n\n<p>Unsere g\u00e4ngigen Kr\u00e4uter f\u00fcr die Wand:<\/p>\n\n\n\n<ul class=\"wp-block-list\"><li>Basilikum (verschiedene Sorten)<\/li><li>Pfefferminze (verschiedene Sorten)<\/li><li>Schnittlauch<\/li><li>Petersilie<\/li><li>Zitronenmelisse<\/li><li>Mangold<\/li><li>Verbene<\/li><li>Sauerampfer<\/li><li>griechischer Amaranth<\/li><li>Thymian<\/li><li>Salbei<\/li><\/ul>\n\n\n\n<p><\/p>\n\n\n\n<p><\/p>\n","protected":false},"excerpt":{"rendered":"<p>Kr\u00e4uter lokal zu produzieren, mit kurzen Wegen zum Verbraucher, ressourcenschonend und pflanzengerecht, diesen Ansatz verfolgen wir konsequent seit unserer Gr\u00fcndung. Als Ergebnis haben wir ein System entwickelt, in welchem die Kr\u00e4uter direkt vor Ort wachsen und bei Bedarf geerntet werden k\u00f6nnen, um direkt erntefrisch verarbeitet zu werden. Unser System versorgt die Pflanzen mit n\u00e4hrstoffreichem Wasser &hellip; <\/p>\n<p class=\"link-more\"><a href=\"https:\/\/britzer-kraeuter.de\/?page_id=27\" class=\"more-link\"><span class=\"screen-reader-text\">\u201eKr\u00e4uterwand\u201c <\/span>weiterlesen<\/a><\/p>\n","protected":false},"author":1,"featured_media":0,"parent":0,"menu_order":0,"comment_status":"closed","ping_status":"closed","template":"","meta":{"footnotes":""},"class_list":["post-27","page","type-page","status-publish","hentry"],"_links":{"self":[{"href":"https:\/\/britzer-kraeuter.de\/index.php?rest_route=\/wp\/v2\/pages\/27","targetHints":{"allow":["GET"]}}],"collection":[{"href":"https:\/\/britzer-kraeuter.de\/index.php?rest_route=\/wp\/v2\/pages"}],"about":[{"href":"https:\/\/britzer-kraeuter.de\/index.php?rest_route=\/wp\/v2\/types\/page"}],"author":[{"embeddable":true,"href":"https:\/\/britzer-kraeuter.de\/index.php?rest_route=\/wp\/v2\/users\/1"}],"replies":[{"embeddable":true,"href":"https:\/\/britzer-kraeuter.de\/index.php?rest_route=%2Fwp%2Fv2%2Fcomments&post=27"}],"version-history":[{"count":24,"href":"https:\/\/britzer-kraeuter.de\/index.php?rest_route=\/wp\/v2\/pages\/27\/revisions"}],"predecessor-version":[{"id":102,"href":"https:\/\/britzer-kraeuter.de\/index.php?rest_route=\/wp\/v2\/pages\/27\/revisions\/102"}],"wp:attachment":[{"href":"https:\/\/britzer-kraeuter.de\/index.php?rest_route=%2Fwp%2Fv2%2Fmedia&parent=27"}],"curies":[{"name":"wp","href":"https:\/\/api.w.org\/{rel}","templated":true}]}}