{"id":9,"date":"2019-08-09T15:29:29","date_gmt":"2019-08-09T15:29:29","guid":{"rendered":"http:\/\/britzer-kraeuter.de\/?page_id=9"},"modified":"2023-04-18T13:45:37","modified_gmt":"2023-04-18T11:45:37","slug":"britzer-kraeuter","status":"publish","type":"page","link":"https:\/\/britzer-kraeuter.de\/?page_id=9","title":{"rendered":"Britzer Kr\u00e4uter"},"content":{"rendered":"\n<p>Ihr G\u00e4rtner f\u00fcr Kr\u00e4uter<\/p>\n\n\n\n<p>Besuchen Sie unseren Direktverkauf in der  Mohriner Allee 69, 12347 Berlin (ehemals Gartencenter Deutscher)<\/p>\n\n\n\n<p><\/p>\n\n\n\n<p><\/p>\n\n\n\n<p>Kontakt: info@britzer-kraeuter.de<\/p>\n","protected":false},"excerpt":{"rendered":"<p>Ihr G\u00e4rtner f\u00fcr Kr\u00e4uter Besuchen Sie unseren Direktverkauf in der Mohriner Allee 69, 12347 Berlin (ehemals Gartencenter Deutscher) Kontakt: info@britzer-kraeuter.de<\/p>\n","protected":false},"author":1,"featured_media":0,"parent":0,"menu_order":0,"comment_status":"closed","ping_status":"closed","template":"","meta":{"footnotes":""},"class_list":["post-9","page","type-page","status-publish","hentry"],"_links":{"self":[{"href":"https:\/\/britzer-kraeuter.de\/index.php?rest_route=\/wp\/v2\/pages\/9","targetHints":{"allow":["GET"]}}],"collection":[{"href":"https:\/\/britzer-kraeuter.de\/index.php?rest_route=\/wp\/v2\/pages"}],"about":[{"href":"https:\/\/britzer-kraeuter.de\/index.php?rest_route=\/wp\/v2\/types\/page"}],"author":[{"embeddable":true,"href":"https:\/\/britzer-kraeuter.de\/index.php?rest_route=\/wp\/v2\/users\/1"}],"replies":[{"embeddable":true,"href":"https:\/\/britzer-kraeuter.de\/index.php?rest_route=%2Fwp%2Fv2%2Fcomments&post=9"}],"version-history":[{"count":14,"href":"https:\/\/britzer-kraeuter.de\/index.php?rest_route=\/wp\/v2\/pages\/9\/revisions"}],"predecessor-version":[{"id":167,"href":"https:\/\/britzer-kraeuter.de\/index.php?rest_route=\/wp\/v2\/pages\/9\/revisions\/167"}],"wp:attachment":[{"href":"https:\/\/britzer-kraeuter.de\/index.php?rest_route=%2Fwp%2Fv2%2Fmedia&parent=9"}],"curies":[{"name":"wp","href":"https:\/\/api.w.org\/{rel}","templated":true}]}}